{"id":1813,"date":"2022-11-09T07:39:17","date_gmt":"2022-11-09T07:39:17","guid":{"rendered":"http:\/\/qa-new.trisura.com\/homepage-2\/"},"modified":"2024-04-02T16:12:02","modified_gmt":"2024-04-02T16:12:02","slug":"daccueil","status":"publish","type":"page","link":"https:\/\/www.trisura.com\/fr\/","title":{"rendered":"Daccueil"},"content":{"rendered":"\t\t<div data-elementor-type=\"wp-page\" data-elementor-id=\"1813\" class=\"elementor elementor-1813 elementor-43\">\n\t\t\t\t\t\t<section class=\"elementor-section elementor-top-section elementor-element elementor-element-40ddc4b elementor-section-boxed elementor-section-height-default elementor-section-height-default\" data-id=\"40ddc4b\" data-element_type=\"section\" data-e-type=\"section\">\n\t\t\t\t\t\t<div class=\"elementor-container elementor-column-gap-default\">\n\t\t\t\t\t<div class=\"elementor-column elementor-col-100 elementor-top-column elementor-element elementor-element-2e35715\" data-id=\"2e35715\" data-element_type=\"column\" data-e-type=\"column\">\n\t\t\t<div class=\"elementor-widget-wrap elementor-element-populated\">\n\t\t\t\t\t\t<div class=\"elementor-element elementor-element-c11cb5f elementor-widget elementor-widget-Main Banner\" data-id=\"c11cb5f\" data-element_type=\"widget\" data-e-type=\"widget\" data-widget_type=\"Main Banner.default\">\n\t\t\t\t<div class=\"elementor-widget-container\">\n\t\t\t\t\t\n            <div id=\"zone-body\" style=\"  margin-top: 0;\">\n                <div class=\"container-fluid p-0 \">\n                    <div class=\"contact-banner d-none d-xl-block\" style=\"background: url('https:\/\/www.trisura.com\/wp-content\/uploads\/2022\/12\/home-header-image-scaled.jpg')\"><\/div>\n                    <div class=\"contact-banner d-none d-md-block d-xl-none\" style=\"background: url('https:\/\/www.trisura.com\/wp-content\/uploads\/2022\/12\/home-tablet-header-image.jpg')\"><\/div>\n                    <div class=\"contact-banner d-md-none\" style=\"background: url('https:\/\/www.trisura.com\/wp-content\/uploads\/2022\/12\/home-mobile-header-image.jpg')\"><\/div>\n                <\/div>\n            <\/div>\n            <h1 class=\"hero-heading text-white\">Solutions d\u2019assurance et de caution sur mesure<\/h1>\n\n        \t\t\t\t<\/div>\n\t\t\t\t<\/div>\n\t\t\t\t\t<\/div>\n\t\t<\/div>\n\t\t\t\t\t<\/div>\n\t\t<\/section>\n\t\t\t\t<section class=\"elementor-section elementor-top-section elementor-element elementor-element-6e6b672 elementor-section-boxed elementor-section-height-default elementor-section-height-default\" data-id=\"6e6b672\" data-element_type=\"section\" data-e-type=\"section\">\n\t\t\t\t\t\t<div class=\"elementor-container elementor-column-gap-default\">\n\t\t\t\t\t<div class=\"elementor-column elementor-col-100 elementor-top-column elementor-element elementor-element-ba5665f\" data-id=\"ba5665f\" data-element_type=\"column\" data-e-type=\"column\">\n\t\t\t<div class=\"elementor-widget-wrap elementor-element-populated\">\n\t\t\t\t\t\t<div class=\"elementor-element elementor-element-d956673 elementor-widget elementor-widget-Left Image With Four Button\" data-id=\"d956673\" data-element_type=\"widget\" data-e-type=\"widget\" data-widget_type=\"Left Image With Four Button.default\">\n\t\t\t\t<div class=\"elementor-widget-container\">\n\t\t\t\t\t\n            <div class=\"info-container\">\n                <div class=\"row\">\n                    <div class=\"col-xl-6 info-details\">\n                        <div class=\"info-img-card\">\n                        \n                            <picture>\n                                <source media=\"(min-width: 1200px)\" srcset=\"https:\/\/www.trisura.com\/wp-content\/uploads\/2022\/12\/section-1-img.png\"\n                                        class=\"contact-banner-img\" \/>\n                            \n                                <source media=\"(min-width: 768px)\" srcset=\"https:\/\/www.trisura.com\/wp-content\/uploads\/2022\/12\/Rectangle-144.png\"\n                                        class=\"contact-banner-img\" \/>\n                                    \n                                <source media=\"(max-width: 767px)\" srcset=\"https:\/\/www.trisura.com\/wp-content\/uploads\/2022\/12\/221114-TRISURA7168-1.png\"\n                                        class=\"contact-banner-img\" \/>\n\n                                <img decoding=\"async\" src=\"https:\/\/www.trisura.com\/wp-content\/uploads\/2022\/12\/section-1-img.png\" class=\"img-fluid contact-banner-img w-100\"\n                                            alt=\"trois coll\u00e8gues travaillant \u00e0 un bureau\" \/>\n                                    \n                            <\/picture>\n                        <\/div>\n                    <\/div>\n                    <div class=\"col-xl-6 info-details\">\n\n                        <h2 class=\"info-card-title\">Dans l\u2019environnement actuel en \u00e9volution rapide, vous avez besoin d\u2019une compagnie d\u2019assurance sur laquelle vous pouvez compter. Cette compagnie, c\u2019est Trisura. <\/h2>\n                        <p class=\"info-text mb-0\">Avec une profonde expertise et un engagement pour un service exceptionnel et personnalis\u00e9, nous cr\u00e9ons des solutions d\u2019assurance et de caution sur mesure pour une niche sectorielle de clients d\u2019affaires pr\u00e9cieux.<\/p>\n\n                        <div class=\"d-flex flex-wrap align-items-start btn-mutiple\">\n                                                                                                <a class=\"btn btn-primary\" href=\"\"> Primary CTA Text<\/a>\n                                                                                                    <a class=\"btn btn-primary\" href=\"#\">Secondary CTA Text<\/a>\n                                                                                                    <a class=\"btn btn-primary\" href=\"#\"> Third CTA Text<\/a>\n                                                                                                                        \n                        <\/div>\n                    <\/div>\n                <\/div>\n            <\/div>\n\n        \t\t\t\t<\/div>\n\t\t\t\t<\/div>\n\t\t\t\t\t<\/div>\n\t\t<\/div>\n\t\t\t\t\t<\/div>\n\t\t<\/section>\n\t\t\t\t<section class=\"elementor-section elementor-top-section elementor-element elementor-element-2ffbc1d elementor-section-boxed elementor-section-height-default elementor-section-height-default\" data-id=\"2ffbc1d\" data-element_type=\"section\" data-e-type=\"section\">\n\t\t\t\t\t\t<div class=\"elementor-container elementor-column-gap-default\">\n\t\t\t\t\t<div class=\"elementor-column elementor-col-100 elementor-top-column elementor-element elementor-element-76645bd\" data-id=\"76645bd\" data-element_type=\"column\" data-e-type=\"column\">\n\t\t\t<div class=\"elementor-widget-wrap elementor-element-populated\">\n\t\t\t\t\t\t<div class=\"elementor-element elementor-element-05e360b elementor-widget elementor-widget-Text With Background Green and Button\" data-id=\"05e360b\" data-element_type=\"widget\" data-e-type=\"widget\" data-widget_type=\"Text With Background Green and Button.default\">\n\t\t\t\t<div class=\"elementor-widget-container\">\n\t\t\t\t\t\r\n            <div class=\"intimidating-sec\">\r\n                <div class=\"container intimidating-info text-center\">\r\n                    <div class=\"row\">\r\n                        <div class=\"col-12 justify-content-center align-items-center\">\r\n                            <h3>Vous n\u2019avez pas besoin de vous sentir intimid\u00e9 par le monde des assurances.<\/h3>\r\n                            <p>Chez Trisura, nous personnalisons votre exp\u00e9rience. Comme vous, nous sommes des entrepreneurs d\u00e9brouillards et des r\u00eaveurs. <br>Nous croyons que l\u2019assurance peut faire mieux et nous tenons cette promesse. <\/p>\r\n                            <a class=\"btn btn-primary d-inline-flex justify-content-center align-items-center\" href=\"\/fr\/assurance\/\"> EN SAVOIR PLUS<\/a>\r\n                        <\/div>\r\n                    <\/div>\r\n                <\/div>\r\n            <\/div>\r\n\r\n        \t\t\t\t<\/div>\n\t\t\t\t<\/div>\n\t\t\t\t\t<\/div>\n\t\t<\/div>\n\t\t\t\t\t<\/div>\n\t\t<\/section>\n\t\t\t\t<section class=\"elementor-section elementor-top-section elementor-element elementor-element-10c6836 elementor-section-boxed elementor-section-height-default elementor-section-height-default\" data-id=\"10c6836\" data-element_type=\"section\" data-e-type=\"section\">\n\t\t\t\t\t\t<div class=\"elementor-container elementor-column-gap-default\">\n\t\t\t\t\t<div class=\"elementor-column elementor-col-100 elementor-top-column elementor-element elementor-element-cbb3407\" data-id=\"cbb3407\" data-element_type=\"column\" data-e-type=\"column\">\n\t\t\t<div class=\"elementor-widget-wrap elementor-element-populated\">\n\t\t\t\t\t\t<div class=\"elementor-element elementor-element-905aa8c elementor-widget elementor-widget-Horizontally Scroll Slider\" data-id=\"905aa8c\" data-element_type=\"widget\" data-e-type=\"widget\" data-widget_type=\"Horizontally Scroll Slider.default\">\n\t\t\t\t<div class=\"elementor-widget-container\">\n\t\t\t\t\t\r\n\r\n            \r\n        <div class=\"container\">\r\n            <div class=\"row\">\r\n                <div class=\"col-12\">\r\n                    <div class=\"footer-slider\">\r\n                        <div class=\"content position-relative\">\r\n                            <div class=\"slider\" id=\"mySlider\">\r\n                                                                    <div class=\"slider-in\">\r\n                                        <div class=\"image-section d-inline-block d-xl-flex\">\r\n                                            <div class=\"img-sec d-block d-xl-none\">\r\n                                                <img decoding=\"async\" src=\"https:\/\/www.trisura.com\/wp-content\/uploads\/2022\/12\/Rectangle-37.png\" alt=\"Un homme qui travaille sur un ordinateur portable\">\r\n                                             <\/div>\r\n                                            <div class=\"img-content\">\r\n                                                <p class=\"p-head\">Pourquoi Trisura?<\/p>\r\n                                                <h3>Nous sommes motiv\u00e9s<\/h3>\r\n                                                <p>Nous \u00e9valuons les bonnes solutions pour r\u00e9pondre \u00e0 vos besoins professionnels et nous cherchons des mani\u00e8res de dire <i>oui <\/i> plut\u00f4t que <i>non<\/i>.<\/p>\r\n                                            <\/div>\r\n                                            <div class=\"img-sec d-none d-xl-block\">\r\n                                                <img decoding=\"async\" src=\"https:\/\/www.trisura.com\/wp-content\/uploads\/2022\/12\/Rectangle-37.png\" alt=\"Un homme qui travaille sur un ordinateur portable\">\r\n                                            <\/div>\r\n                                        <\/div>\r\n                                    <\/div>\r\n                                                                    <div class=\"slider-in\">\r\n                                        <div class=\"image-section d-inline-block d-xl-flex\">\r\n                                            <div class=\"img-sec d-block d-xl-none\">\r\n                                                <img decoding=\"async\" src=\"https:\/\/www.trisura.com\/wp-content\/uploads\/2022\/12\/Rectangle-37-1.png\" alt=\"gros plan d\u2019une poign\u00e9e de main\">\r\n                                             <\/div>\r\n                                            <div class=\"img-content\">\r\n                                                <p class=\"p-head\">Pourquoi Trisura?<\/p>\r\n                                                <h3>Nous sommes des experts<\/h3>\r\n                                                <p>Avec une connaissance profonde de l\u2019industrie et de l\u2019exp\u00e9rience sur le terrain, notre \u00e9quipe d\u2019assureurs exp\u00e9riment\u00e9s peut anticiper tous les sc\u00e9narios et vous aider \u00e0 obtenir le meilleur r\u00e9sultat pour votre entreprise.<\/p>\r\n                                            <\/div>\r\n                                            <div class=\"img-sec d-none d-xl-block\">\r\n                                                <img decoding=\"async\" src=\"https:\/\/www.trisura.com\/wp-content\/uploads\/2022\/12\/Rectangle-37-1.png\" alt=\"gros plan d\u2019une poign\u00e9e de main\">\r\n                                            <\/div>\r\n                                        <\/div>\r\n                                    <\/div>\r\n                                                                    <div class=\"slider-in\">\r\n                                        <div class=\"image-section d-inline-block d-xl-flex\">\r\n                                            <div class=\"img-sec d-block d-xl-none\">\r\n                                                <img decoding=\"async\" src=\"https:\/\/www.trisura.com\/wp-content\/uploads\/2022\/12\/Rectangle-37-2.png\" alt=\"une \u00e9quipe en r\u00e9union regarde le pr\u00e9sentateur\">\r\n                                             <\/div>\r\n                                            <div class=\"img-content\">\r\n                                                <p class=\"p-head\">Pourquoi Trisura?<\/p>\r\n                                                <h3>Nous sommes des partenaires<\/h3>\r\n                                                <p>Chez Trisura, nous prenons le temps de vous conna\u00eetre et de conna\u00eetre vos clients. Cela signifie de passer du temps ensemble et d\u2019\u00e9couter les histoires de chacun. Nous nous r\u00e9jouissons de grandir avec vous dans le cadre d\u2019une relation solide et r\u00e9ussie.<\/p>\r\n                                            <\/div>\r\n                                            <div class=\"img-sec d-none d-xl-block\">\r\n                                                <img decoding=\"async\" src=\"https:\/\/www.trisura.com\/wp-content\/uploads\/2022\/12\/Rectangle-37-2.png\" alt=\"une \u00e9quipe en r\u00e9union regarde le pr\u00e9sentateur\">\r\n                                            <\/div>\r\n                                        <\/div>\r\n                                    <\/div>\r\n                                                                    <div class=\"slider-in\">\r\n                                        <div class=\"image-section d-inline-block d-xl-flex\">\r\n                                            <div class=\"img-sec d-block d-xl-none\">\r\n                                                <img decoding=\"async\" src=\"https:\/\/www.trisura.com\/wp-content\/uploads\/2022\/12\/Rectangle-37-3.png\" alt=\"deux hommes passent en revue du travail\">\r\n                                             <\/div>\r\n                                            <div class=\"img-content\">\r\n                                                <p class=\"p-head\">Pourquoi Trisura?<\/p>\r\n                                                <h3>Nous sommes Trisura<\/h3>\r\n                                                <p>Nous assurons avec attention, talent et urgence. Nous aspirons \u00e0 \u00eatre votre partenaire de choix.<\/p>\r\n                                            <\/div>\r\n                                            <div class=\"img-sec d-none d-xl-block\">\r\n                                                <img decoding=\"async\" src=\"https:\/\/www.trisura.com\/wp-content\/uploads\/2022\/12\/Rectangle-37-3.png\" alt=\"deux hommes passent en revue du travail\">\r\n                                            <\/div>\r\n                                        <\/div>\r\n                                    <\/div>\r\n                                                            <\/div>\r\n                            <div class=\"progress\" role=\"progressbar\" aria-valuemin=\"0\" aria-valuemax=\"100\" aria-label=\"Progress-bar\">\r\n                                <span class=\"slider__label sr-only\">\r\n                            <\/div>\r\n                            <\/span>\r\n                        <\/div>\r\n                    <\/div>\r\n                <\/div>\r\n            <\/div>\r\n        <\/div>\r\n\r\n            \t\t\t\t<\/div>\n\t\t\t\t<\/div>\n\t\t\t\t\t<\/div>\n\t\t<\/div>\n\t\t\t\t\t<\/div>\n\t\t<\/section>\n\t\t\t\t<\/div>\n\t\t","protected":false},"excerpt":{"rendered":"<p>Solutions d\u2019assurance et de caution sur mesure Dans l\u2019environnement actuel en \u00e9volution rapide, vous avez besoin d\u2019une compagnie d\u2019assurance sur laquelle vous pouvez compter. Cette compagnie, c\u2019est Trisura. Avec une profonde expertise et un engagement pour un service exceptionnel et personnalis\u00e9, nous cr\u00e9ons des solutions d\u2019assurance et de caution sur mesure pour une niche sectorielle &hellip; <a href=\"https:\/\/www.trisura.com\/fr\/\">Continued<\/a><\/p>\n","protected":false},"author":2,"featured_media":0,"parent":0,"menu_order":0,"comment_status":"closed","ping_status":"closed","template":"","meta":{"footnotes":""},"class_list":["post-1813","page","type-page","status-publish","hentry"],"yoast_head":"<!-- This site is optimized with the Yoast SEO plugin v27.1.1 - https:\/\/yoast.com\/product\/yoast-seo-wordpress\/ -->\n<title>Daccueil - Trisura<\/title>\n<meta name=\"description\" content=\"Avec une profonde expertise et un engagement pour un service exceptionnel et personnalis\u00e9, nous cr\u00e9ons des solutions d\u2019assurance et de caution sur mesure pour une niche sectorielle de clients d\u2019affaires pr\u00e9cieux.\" \/>\n<meta name=\"robots\" content=\"index, follow, max-snippet:-1, max-image-preview:large, max-video-preview:-1\" \/>\n<link rel=\"canonical\" href=\"https:\/\/www.trisura.com\/fr\/\" \/>\n<meta property=\"og:locale\" content=\"en_US\" \/>\n<meta property=\"og:type\" content=\"article\" \/>\n<meta property=\"og:title\" content=\"Daccueil - Trisura\" \/>\n<meta property=\"og:description\" content=\"Avec une profonde expertise et un engagement pour un service exceptionnel et personnalis\u00e9, nous cr\u00e9ons des solutions d\u2019assurance et de caution sur mesure pour une niche sectorielle de clients d\u2019affaires pr\u00e9cieux.\" \/>\n<meta property=\"og:url\" content=\"https:\/\/www.trisura.com\/fr\/\" \/>\n<meta property=\"og:site_name\" content=\"Trisura\" \/>\n<meta property=\"article:modified_time\" content=\"2024-04-02T16:12:02+00:00\" \/>\n<meta property=\"og:image\" content=\"https:\/\/www.trisura.com\/wp-content\/uploads\/2022\/12\/section-1-img.png\" \/>\n<meta name=\"twitter:card\" content=\"summary_large_image\" \/>\n<meta name=\"twitter:site\" content=\"@trisura\" \/>\n<meta name=\"twitter:label1\" content=\"Est. reading time\" \/>\n\t<meta name=\"twitter:data1\" content=\"4 minutes\" \/>\n<script type=\"application\/ld+json\" class=\"yoast-schema-graph\">{\"@context\":\"https:\/\/schema.org\",\"@graph\":[{\"@type\":\"WebPage\",\"@id\":\"https:\/\/www.trisura.com\/fr\/\",\"url\":\"https:\/\/www.trisura.com\/fr\/\",\"name\":\"Daccueil - Trisura\",\"isPartOf\":{\"@id\":\"https:\/\/www.trisura.com\/#website\"},\"primaryImageOfPage\":{\"@id\":\"https:\/\/www.trisura.com\/fr\/#primaryimage\"},\"image\":{\"@id\":\"https:\/\/www.trisura.com\/fr\/#primaryimage\"},\"thumbnailUrl\":\"https:\/\/www.trisura.com\/wp-content\/uploads\/2022\/12\/section-1-img.png\",\"datePublished\":\"2022-11-09T07:39:17+00:00\",\"dateModified\":\"2024-04-02T16:12:02+00:00\",\"description\":\"Avec une profonde expertise et un engagement pour un service exceptionnel et personnalis\u00e9, nous cr\u00e9ons des solutions d\u2019assurance et de caution sur mesure pour une niche sectorielle de clients d\u2019affaires pr\u00e9cieux.\",\"breadcrumb\":{\"@id\":\"https:\/\/www.trisura.com\/fr\/#breadcrumb\"},\"inLanguage\":\"en-US\",\"potentialAction\":[{\"@type\":\"ReadAction\",\"target\":[\"https:\/\/www.trisura.com\/fr\/\"]}]},{\"@type\":\"ImageObject\",\"inLanguage\":\"en-US\",\"@id\":\"https:\/\/www.trisura.com\/fr\/#primaryimage\",\"url\":\"https:\/\/www.trisura.com\/wp-content\/uploads\/2022\/12\/section-1-img.png\",\"contentUrl\":\"https:\/\/www.trisura.com\/wp-content\/uploads\/2022\/12\/section-1-img.png\"},{\"@type\":\"BreadcrumbList\",\"@id\":\"https:\/\/www.trisura.com\/fr\/#breadcrumb\",\"itemListElement\":[{\"@type\":\"ListItem\",\"position\":1,\"name\":\"Home\",\"item\":\"https:\/\/www.trisura.com\/fr\/\"},{\"@type\":\"ListItem\",\"position\":2,\"name\":\"Daccueil\"}]},{\"@type\":\"WebSite\",\"@id\":\"https:\/\/www.trisura.com\/#website\",\"url\":\"https:\/\/www.trisura.com\/\",\"name\":\"Trisura\",\"description\":\"Trisura specialty commercial, general liability insurance company\",\"publisher\":{\"@id\":\"https:\/\/www.trisura.com\/#organization\"},\"potentialAction\":[{\"@type\":\"SearchAction\",\"target\":{\"@type\":\"EntryPoint\",\"urlTemplate\":\"https:\/\/www.trisura.com\/?s={search_term_string}\"},\"query-input\":{\"@type\":\"PropertyValueSpecification\",\"valueRequired\":true,\"valueName\":\"search_term_string\"}}],\"inLanguage\":\"en-US\"},{\"@type\":\"Organization\",\"@id\":\"https:\/\/www.trisura.com\/#organization\",\"name\":\"Trisura\",\"url\":\"https:\/\/www.trisura.com\/\",\"logo\":{\"@type\":\"ImageObject\",\"inLanguage\":\"en-US\",\"@id\":\"https:\/\/www.trisura.com\/#\/schema\/logo\/image\/\",\"url\":\"https:\/\/172.31.5.56\/wp-content\/uploads\/2022\/11\/logo-1.svg\",\"contentUrl\":\"https:\/\/172.31.5.56\/wp-content\/uploads\/2022\/11\/logo-1.svg\",\"width\":130,\"height\":36,\"caption\":\"Trisura\"},\"image\":{\"@id\":\"https:\/\/www.trisura.com\/#\/schema\/logo\/image\/\"},\"sameAs\":[\"https:\/\/x.com\/trisura\",\"https:\/\/www.linkedin.com\/company\/trisura-guarantee-insurance-company\"]}]}<\/script>\n<!-- \/ Yoast SEO plugin. -->","yoast_head_json":{"title":"Daccueil - Trisura","description":"Avec une profonde expertise et un engagement pour un service exceptionnel et personnalis\u00e9, nous cr\u00e9ons des solutions d\u2019assurance et de caution sur mesure pour une niche sectorielle de clients d\u2019affaires pr\u00e9cieux.","robots":{"index":"index","follow":"follow","max-snippet":"max-snippet:-1","max-image-preview":"max-image-preview:large","max-video-preview":"max-video-preview:-1"},"canonical":"https:\/\/www.trisura.com\/fr\/","og_locale":"en_US","og_type":"article","og_title":"Daccueil - Trisura","og_description":"Avec une profonde expertise et un engagement pour un service exceptionnel et personnalis\u00e9, nous cr\u00e9ons des solutions d\u2019assurance et de caution sur mesure pour une niche sectorielle de clients d\u2019affaires pr\u00e9cieux.","og_url":"https:\/\/www.trisura.com\/fr\/","og_site_name":"Trisura","article_modified_time":"2024-04-02T16:12:02+00:00","og_image":[{"url":"https:\/\/www.trisura.com\/wp-content\/uploads\/2022\/12\/section-1-img.png","type":"","width":"","height":""}],"twitter_card":"summary_large_image","twitter_site":"@trisura","twitter_misc":{"Est. reading time":"4 minutes"},"schema":{"@context":"https:\/\/schema.org","@graph":[{"@type":"WebPage","@id":"https:\/\/www.trisura.com\/fr\/","url":"https:\/\/www.trisura.com\/fr\/","name":"Daccueil - Trisura","isPartOf":{"@id":"https:\/\/www.trisura.com\/#website"},"primaryImageOfPage":{"@id":"https:\/\/www.trisura.com\/fr\/#primaryimage"},"image":{"@id":"https:\/\/www.trisura.com\/fr\/#primaryimage"},"thumbnailUrl":"https:\/\/www.trisura.com\/wp-content\/uploads\/2022\/12\/section-1-img.png","datePublished":"2022-11-09T07:39:17+00:00","dateModified":"2024-04-02T16:12:02+00:00","description":"Avec une profonde expertise et un engagement pour un service exceptionnel et personnalis\u00e9, nous cr\u00e9ons des solutions d\u2019assurance et de caution sur mesure pour une niche sectorielle de clients d\u2019affaires pr\u00e9cieux.","breadcrumb":{"@id":"https:\/\/www.trisura.com\/fr\/#breadcrumb"},"inLanguage":"en-US","potentialAction":[{"@type":"ReadAction","target":["https:\/\/www.trisura.com\/fr\/"]}]},{"@type":"ImageObject","inLanguage":"en-US","@id":"https:\/\/www.trisura.com\/fr\/#primaryimage","url":"https:\/\/www.trisura.com\/wp-content\/uploads\/2022\/12\/section-1-img.png","contentUrl":"https:\/\/www.trisura.com\/wp-content\/uploads\/2022\/12\/section-1-img.png"},{"@type":"BreadcrumbList","@id":"https:\/\/www.trisura.com\/fr\/#breadcrumb","itemListElement":[{"@type":"ListItem","position":1,"name":"Home","item":"https:\/\/www.trisura.com\/fr\/"},{"@type":"ListItem","position":2,"name":"Daccueil"}]},{"@type":"WebSite","@id":"https:\/\/www.trisura.com\/#website","url":"https:\/\/www.trisura.com\/","name":"Trisura","description":"Trisura specialty commercial, general liability insurance company","publisher":{"@id":"https:\/\/www.trisura.com\/#organization"},"potentialAction":[{"@type":"SearchAction","target":{"@type":"EntryPoint","urlTemplate":"https:\/\/www.trisura.com\/?s={search_term_string}"},"query-input":{"@type":"PropertyValueSpecification","valueRequired":true,"valueName":"search_term_string"}}],"inLanguage":"en-US"},{"@type":"Organization","@id":"https:\/\/www.trisura.com\/#organization","name":"Trisura","url":"https:\/\/www.trisura.com\/","logo":{"@type":"ImageObject","inLanguage":"en-US","@id":"https:\/\/www.trisura.com\/#\/schema\/logo\/image\/","url":"https:\/\/172.31.5.56\/wp-content\/uploads\/2022\/11\/logo-1.svg","contentUrl":"https:\/\/172.31.5.56\/wp-content\/uploads\/2022\/11\/logo-1.svg","width":130,"height":36,"caption":"Trisura"},"image":{"@id":"https:\/\/www.trisura.com\/#\/schema\/logo\/image\/"},"sameAs":["https:\/\/x.com\/trisura","https:\/\/www.linkedin.com\/company\/trisura-guarantee-insurance-company"]}]}},"_links":{"self":[{"href":"https:\/\/www.trisura.com\/fr\/wp-json\/wp\/v2\/pages\/1813","targetHints":{"allow":["GET"]}}],"collection":[{"href":"https:\/\/www.trisura.com\/fr\/wp-json\/wp\/v2\/pages"}],"about":[{"href":"https:\/\/www.trisura.com\/fr\/wp-json\/wp\/v2\/types\/page"}],"author":[{"embeddable":true,"href":"https:\/\/www.trisura.com\/fr\/wp-json\/wp\/v2\/users\/2"}],"replies":[{"embeddable":true,"href":"https:\/\/www.trisura.com\/fr\/wp-json\/wp\/v2\/comments?post=1813"}],"version-history":[{"count":85,"href":"https:\/\/www.trisura.com\/fr\/wp-json\/wp\/v2\/pages\/1813\/revisions"}],"predecessor-version":[{"id":11231,"href":"https:\/\/www.trisura.com\/fr\/wp-json\/wp\/v2\/pages\/1813\/revisions\/11231"}],"wp:attachment":[{"href":"https:\/\/www.trisura.com\/fr\/wp-json\/wp\/v2\/media?parent=1813"}],"curies":[{"name":"wp","href":"https:\/\/api.w.org\/{rel}","templated":true}]}}