{"id":9320,"date":"2022-12-13T10:08:36","date_gmt":"2022-12-13T10:08:36","guid":{"rendered":"http:\/\/qa-new.trisura.com\/?page_id=9320"},"modified":"2026-03-18T15:38:03","modified_gmt":"2026-03-18T15:38:03","slug":"informations-legales","status":"publish","type":"page","link":"https:\/\/www.trisura.com\/fr\/informations-legales\/","title":{"rendered":"Informations l\u00e9gales"},"content":{"rendered":"\t\t<div data-elementor-type=\"wp-page\" data-elementor-id=\"9320\" class=\"elementor elementor-9320 elementor-1880\">\n\t\t\t\t\t\t<section class=\"elementor-section elementor-top-section elementor-element elementor-element-6e91cc9 elementor-section-boxed elementor-section-height-default elementor-section-height-default\" data-id=\"6e91cc9\" data-element_type=\"section\" data-e-type=\"section\">\n\t\t\t\t\t\t<div class=\"elementor-container elementor-column-gap-default\">\n\t\t\t\t\t<div class=\"elementor-column elementor-col-100 elementor-top-column elementor-element elementor-element-d7db61b\" data-id=\"d7db61b\" data-element_type=\"column\" data-e-type=\"column\">\n\t\t\t<div class=\"elementor-widget-wrap\">\n\t\t\t\t\t\t\t<\/div>\n\t\t<\/div>\n\t\t\t\t\t<\/div>\n\t\t<\/section>\n\t\t\t\t<section class=\"elementor-section elementor-top-section elementor-element elementor-element-d02a5c5 elementor-section-boxed elementor-section-height-default elementor-section-height-default\" data-id=\"d02a5c5\" data-element_type=\"section\" data-e-type=\"section\">\n\t\t\t\t\t\t<div class=\"elementor-container elementor-column-gap-default\">\n\t\t\t\t\t<div class=\"elementor-column elementor-col-100 elementor-top-column elementor-element elementor-element-dde23fc\" data-id=\"dde23fc\" data-element_type=\"column\" data-e-type=\"column\">\n\t\t\t<div class=\"elementor-widget-wrap elementor-element-populated\">\n\t\t\t\t\t\t<div class=\"elementor-element elementor-element-a71c1b7 elementor-widget elementor-widget-Legal Content\" data-id=\"a71c1b7\" data-element_type=\"widget\" data-e-type=\"widget\" data-widget_type=\"Legal Content.default\">\n\t\t\t\t<div class=\"elementor-widget-container\">\n\t\t\t\t\t\r\n        <div class=\"legal-sec\">\r\n            <div class=\"container\">\r\n                <div class=\"row\">\r\n                    <div class=\"col-12\">\r\n                        <div class=\"first-cont\">\r\n                            <h2>Informations l\u00e9gales<\/h2>\r\n                            <p>Bienvenue au site web de Trisura Guarantee Insurance Company (\u00ab Trisura \u00bb). Le contenu de ce site web est la propri\u00e9t\u00e9 de Trisura et est prot\u00e9g\u00e9 par la loi sur le droit d\u2019auteur, comme \u0153uvre collective et compilation, tant au Canada qu\u2019\u00e0 l\u2019\u00e9tranger. \u00c0 travers l\u2019acc\u00e8s, la navigation ou l\u2019utilisation de ce site web, vous reconnaissez que vous avez lu et compris ces conditions g\u00e9n\u00e9rales et acceptez qu\u2019elles soient ex\u00e9cutoires et de vous conformer \u00e0 l\u2019ensemble des lois et r\u00e8glements applicables. Si vous n\u2019acceptez pas ces conditions g\u00e9n\u00e9rales, veuillez ne pas consulter, naviguer ou utiliser ce site web. Certaines dispositions de ces conditions g\u00e9n\u00e9rales peuvent \u00eatre remplac\u00e9es par d\u2019autres avis l\u00e9gaux ou dispositions situ\u00e9s sur d\u2019autres parties de notre site web.<\/p>\r\n                        <\/div>\r\n                        <div class=\"legal-details\">\r\n                                                            <h3>Avis De Non-responsabilit\u00e9<\/h3>\r\n                                <p>Trisura n\u2019assume aucune responsabilit\u00e9 concernant l\u2019exactitude des renseignements qu\u2019elle fournit sur ce site web. En vous offrant l\u2019acc\u00e8s au contenu de notre site web, nous ne garantissons et ne d\u00e9clarons pas : que son contenu est exact ou complet, que son contenu ne sera pas soumis \u00e0 d\u2019autres restrictions l\u00e9gales lorsque vous l\u2019afficherez, que son contenu ne contient pas d\u2019inexactitudes techniques ou d\u2019erreurs typographiques, que votre acc\u00e8s \u00e0 notre site web se fera sans interruption, erreur, virus informatique ou autre \u00e9l\u00e9ment nuisible. Terisura pourra modifier ou actualiser ces renseignements sans vous en aviser et pourra le faire r\u00e9guli\u00e8rement et fr\u00e9quemment.<\/p>                                                            <h3>Responsabilit\u00e9s<\/h3>\r\n                                <p>Trisura et ses succursales, affili\u00e9s, contractuels, agents, employ\u00e9s, conc\u00e9dants de licence et\/ou fournisseurs de contenu tiers ne sauraient \u00eatre responsables en aucune circonstance envers un tiers pour tout dommage, qu\u2019il soit d\u2019ordre direct, indirect, cons\u00e9cutif, accessoire, sp\u00e9cial, punitif, exemplaire ou g\u00e9n\u00e9ral, pour toute contribution ou indemnisation de quelque sorte que ce soit, r\u00e9sultant de l\u2019utilisation ou de la non-disponibilit\u00e9 de ce site web, y compris notamment toute perte de donn\u00e9es, de profit, toute interruption des activit\u00e9s ou autre. Trisura a fourni toutes les informations \u00ab telles quelles \u00bb seulement; en d\u2019autres termes, vous utilisez notre site web \u00e0 vos risques et p\u00e9rils. Trisura n\u2019offre aucune d\u00e9claration ou garantie, explicite ou implicite, y compris toute garantie implicite d\u2019adaptation \u00e0 un usage particulier, de valeur commerciale ou de non-violation du droit d\u2019auteur.<\/p>                                                            <h3>Propri\u00e9t\u00e9 Intellectuelle<\/h3>\r\n                                <p>Trisura ne c\u00e8de aucune licence, aucun brevet ou autre droit de propri\u00e9t\u00e9 intellectuelle en fournissant les informations sur ce site web. Vous devez vous conformer \u00e0 l\u2019ensemble des lois sur le droit d\u2019auteur et autres avis sur la propri\u00e9t\u00e9 relatifs \u00e0 ce site web.<\/p>                                                            <h3>Conseil Professionnel<\/h3>\r\n                                <p>Aucun des renseignements contenus sur ce site web ne constitue un conseil professionnel. De plus, les renseignements sur ce site web ne constituent pas une proposition de vendre, ni une sollicitation pour acheter, tout produit ou service offert par Trisura. En tant qu\u2019utilisateur de notre site web, vous \u00eates responsable de vos propres activit\u00e9s d\u2019assurance.<\/p>                                                            <h3>Produits Et Services<\/h3>\r\n                                <p>Les descriptions des couvertures ne sont que des r\u00e9sum\u00e9s et ne sont fournies qu\u2019\u00e0 titre informatif. La couverture est d\u00e9termin\u00e9e par les conditions sp\u00e9cifiques des polices et des assurances \u00e9mises. Trisura n\u2019est pas responsable des versions alt\u00e9r\u00e9es, modifi\u00e9es, r\u00e9vis\u00e9es ou imprim\u00e9es des informations fournies sur ce site web.<\/p>                                                            <h3>R\u00e9mun\u00e9ration Des Agents<\/h3>\r\n                                <p>Trisura distribue ses produits et services d\u2019assurance \u00e0 travers des agents d\u2019assurance contractuels, ind\u00e9pendants et sous licence. Les agents de Trisura gagnent g\u00e9n\u00e9ralement une commission standard sur chaque police d\u2019assurance qu\u2019ils vendent. La gamme de ces commissions standards est bas\u00e9e sur un pourcentage de la prime factur\u00e9e \u00e0 l\u2019assur\u00e9 et varie en fonction du type d\u2019activit\u00e9 (<a href=\"\/fr\/connexion-agent\/\">veuillez cliquer ici pour afficher le tableau de r\u00e9mun\u00e9ration des agents<\/a>)<b>.<\/b> \u00a0Il peut arriver que des frais de commission individuels diff\u00e8rent de ce tableau. De plus, Terisura dispose d\u2019un plan de partage des revenus contingents qui pourra payer des commissions suppl\u00e9mentaires aux agents en fonction de la croissance et de la rentabilit\u00e9 de l\u2019entreprise qu\u2019ils assurent avec Trisura. Le montant de cette commission suppl\u00e9mentaire est rapport\u00e9 au Bureau du superintendant des institutions financi\u00e8res, l\u2019organisme r\u00e9gulateur f\u00e9d\u00e9ral qui supervise les activit\u00e9s de Trisura.<\/p>                                                            <h3>Politique De Confidentialit\u00e9<\/h3>\r\n                                <p>La Loi sur la protection des renseignements personnels et documents \u00e9lectroniques (LPRPDE) a \u00e9t\u00e9 promulgu\u00e9e le 1er janvier 2004 et s\u2019applique \u00e0 la vaste majorit\u00e9 des entreprises, y compris les compagnies d\u2019assurance. La LPRPD\u00c9 \u00e9tablit les droits l\u00e9gaux du consommateur et d\u00e9taille les devoirs et responsabilit\u00e9s des soci\u00e9t\u00e9s qui collectent des renseignements de nature personnelle. Trisura se conforme \u00e0 tous les aspects de la LPRPDE. Pour afficher la politique de confidentialit\u00e9 compl\u00e8te de Trisura, veuillez <a href=\"\/fr\/politique-de-confidentialite\/\"><b>cliquer ici.<\/b><\/a><\/p><p>Toute demande d\u2019acc\u00e8s aux renseignements personnels ou toute r\u00e9clamation relative \u00e0 la gestion de ceux-ci par Trisura devra \u00eatre adress\u00e9e au directeur de la confidentialit\u00e9 de Trisura, comme suit :<\/p><p>Joanna Grossman<br \/>Avocate g\u00e9n\u00e9rale, Chef de la protection des renseignements personnels \u00a0 \u00a0 \u00a0 \u00a0 \u00a0 \u00a0 \u00a0 \u00a0 \u00a0 \u00a0 \u00a0 \u00a0 \u00a0 \u00a0 \u00a0 \u00a0 \u00a0 \u00a0 \u00a0 \u00a0 \u00a0 \u00a0 \u00a0 \u00a0 \u00a0 \u00a0 \u00a0 \u00a0 \u00a0 \u00a0 \u00a0 \u00a0<\/p><p>\u00a0Trisura Guarantee Insurance Company <br \/>333 Bay Street, Suite 1600, <br \/>Toronto, Ontario M5H 2R2<\/p><p>T\u00e9l\u00e9phone: (416) 607-2091<br \/>Fax: (416) 214-9597 <br \/>Courriel: <a href=\"mailto:Joanna.Grossman@Trisura.com\">Joanna.Grossman@Trisura.com<\/a><\/p>                                                            <h3>Jurisdiction Et Loi Applicable\n<\/h3>\r\n                                <p>Les renseignements fournis sur ce site web ne sont pas destin\u00e9s \u00e0 \u00eatre distribu\u00e9s \u00e0, ni \u00e0 \u00eatre utilis\u00e9s par, toute personne physique ou morale situ\u00e9e dans une juridiction ou un pays o\u00f9 ce serait contraire \u00e0 la loi ou \u00e0 la r\u00e9glementation en vigueur, ou dans une juridiction ou un pays o\u00f9 Trisura serait soumise \u00e0 des obligations d\u2019enregistrement. Les lois de l\u2019Ontario r\u00e9gissent les pr\u00e9sentes conditions g\u00e9n\u00e9rales. Si vous prenez des mesures l\u00e9gales en lien avec ces conditions g\u00e9n\u00e9rales, vous acceptez de ne vous adresser qu\u2019aux tribunaux de l\u2019Ontario et vous consentez \u00e0 vous soumettre \u00e0 la comp\u00e9tence personnelle de ces tribunaux pour les besoins de la r\u00e9solution de tout litige avec Trisura.<\/p>                                                    <\/div>\r\n                    <\/div>\r\n                <\/div>\r\n            <\/div>\r\n        <\/div>\r\n\r\n        \t\t\t\t<\/div>\n\t\t\t\t<\/div>\n\t\t\t\t\t<\/div>\n\t\t<\/div>\n\t\t\t\t\t<\/div>\n\t\t<\/section>\n\t\t\t\t<\/div>\n\t\t","protected":false},"excerpt":{"rendered":"<p>Informations l\u00e9gales Bienvenue au site web de Trisura Guarantee Insurance Company (\u00ab Trisura \u00bb). Le contenu de ce site web est la propri\u00e9t\u00e9 de Trisura et est prot\u00e9g\u00e9 par la loi sur le droit d\u2019auteur, comme \u0153uvre collective et compilation, tant au Canada qu\u2019\u00e0 l\u2019\u00e9tranger. \u00c0 travers l\u2019acc\u00e8s, la navigation ou l\u2019utilisation de ce site &hellip; <a href=\"https:\/\/www.trisura.com\/fr\/informations-legales\/\">Continued<\/a><\/p>\n","protected":false},"author":1,"featured_media":0,"parent":0,"menu_order":0,"comment_status":"closed","ping_status":"closed","template":"","meta":{"footnotes":""},"class_list":["post-9320","page","type-page","status-publish","hentry"],"yoast_head":"<!-- This site is optimized with the Yoast SEO plugin v27.3 - https:\/\/yoast.com\/product\/yoast-seo-wordpress\/ -->\n<title>Informations l\u00e9gales - Trisura<\/title>\n<meta name=\"robots\" content=\"index, follow, max-snippet:-1, max-image-preview:large, max-video-preview:-1\" \/>\n<link rel=\"canonical\" href=\"https:\/\/www.trisura.com\/fr\/informations-legales\/\" \/>\n<meta property=\"og:locale\" content=\"fr_FR\" \/>\n<meta property=\"og:type\" content=\"article\" \/>\n<meta property=\"og:title\" content=\"Informations l\u00e9gales - Trisura\" \/>\n<meta property=\"og:description\" content=\"Informations l\u00e9gales Bienvenue au site web de Trisura Guarantee Insurance Company (\u00ab Trisura \u00bb). Le contenu de ce site web est la propri\u00e9t\u00e9 de Trisura et est prot\u00e9g\u00e9 par la loi sur le droit d\u2019auteur, comme \u0153uvre collective et compilation, tant au Canada qu\u2019\u00e0 l\u2019\u00e9tranger. \u00c0 travers l\u2019acc\u00e8s, la navigation ou l\u2019utilisation de ce site &hellip; Continued\" \/>\n<meta property=\"og:url\" content=\"https:\/\/www.trisura.com\/fr\/informations-legales\/\" \/>\n<meta property=\"og:site_name\" content=\"Trisura\" \/>\n<meta property=\"article:modified_time\" content=\"2026-03-18T15:38:03+00:00\" \/>\n<meta name=\"twitter:card\" content=\"summary_large_image\" \/>\n<meta name=\"twitter:site\" content=\"@trisura\" \/>\n<meta name=\"twitter:label1\" content=\"Dur\u00e9e de lecture estim\u00e9e\" \/>\n\t<meta name=\"twitter:data1\" content=\"5 minutes\" \/>\n<script type=\"application\/ld+json\" class=\"yoast-schema-graph\">{\"@context\":\"https:\\\/\\\/schema.org\",\"@graph\":[{\"@type\":\"WebPage\",\"@id\":\"https:\\\/\\\/www.trisura.com\\\/fr\\\/informations-legales\\\/\",\"url\":\"https:\\\/\\\/www.trisura.com\\\/fr\\\/informations-legales\\\/\",\"name\":\"Informations l\u00e9gales - Trisura\",\"isPartOf\":{\"@id\":\"https:\\\/\\\/www.trisura.com\\\/#website\"},\"datePublished\":\"2022-12-13T10:08:36+00:00\",\"dateModified\":\"2026-03-18T15:38:03+00:00\",\"breadcrumb\":{\"@id\":\"https:\\\/\\\/www.trisura.com\\\/fr\\\/informations-legales\\\/#breadcrumb\"},\"inLanguage\":\"fr-FR\",\"potentialAction\":[{\"@type\":\"ReadAction\",\"target\":[\"https:\\\/\\\/www.trisura.com\\\/fr\\\/informations-legales\\\/\"]}]},{\"@type\":\"BreadcrumbList\",\"@id\":\"https:\\\/\\\/www.trisura.com\\\/fr\\\/informations-legales\\\/#breadcrumb\",\"itemListElement\":[{\"@type\":\"ListItem\",\"position\":1,\"name\":\"Home\",\"item\":\"https:\\\/\\\/www.trisura.com\\\/fr\\\/\"},{\"@type\":\"ListItem\",\"position\":2,\"name\":\"Informations l\u00e9gales\"}]},{\"@type\":\"WebSite\",\"@id\":\"https:\\\/\\\/www.trisura.com\\\/#website\",\"url\":\"https:\\\/\\\/www.trisura.com\\\/\",\"name\":\"Trisura\",\"description\":\"Trisura specialty commercial, general liability insurance company\",\"publisher\":{\"@id\":\"https:\\\/\\\/www.trisura.com\\\/#organization\"},\"potentialAction\":[{\"@type\":\"SearchAction\",\"target\":{\"@type\":\"EntryPoint\",\"urlTemplate\":\"https:\\\/\\\/www.trisura.com\\\/?s={search_term_string}\"},\"query-input\":{\"@type\":\"PropertyValueSpecification\",\"valueRequired\":true,\"valueName\":\"search_term_string\"}}],\"inLanguage\":\"fr-FR\"},{\"@type\":\"Organization\",\"@id\":\"https:\\\/\\\/www.trisura.com\\\/#organization\",\"name\":\"Trisura\",\"url\":\"https:\\\/\\\/www.trisura.com\\\/\",\"logo\":{\"@type\":\"ImageObject\",\"inLanguage\":\"fr-FR\",\"@id\":\"https:\\\/\\\/www.trisura.com\\\/#\\\/schema\\\/logo\\\/image\\\/\",\"url\":\"https:\\\/\\\/172.31.5.56\\\/wp-content\\\/uploads\\\/2022\\\/11\\\/logo-1.svg\",\"contentUrl\":\"https:\\\/\\\/172.31.5.56\\\/wp-content\\\/uploads\\\/2022\\\/11\\\/logo-1.svg\",\"width\":130,\"height\":36,\"caption\":\"Trisura\"},\"image\":{\"@id\":\"https:\\\/\\\/www.trisura.com\\\/#\\\/schema\\\/logo\\\/image\\\/\"},\"sameAs\":[\"https:\\\/\\\/x.com\\\/trisura\",\"https:\\\/\\\/www.linkedin.com\\\/company\\\/trisura-guarantee-insurance-company\"]}]}<\/script>\n<!-- \/ Yoast SEO plugin. -->","yoast_head_json":{"title":"Informations l\u00e9gales - Trisura","robots":{"index":"index","follow":"follow","max-snippet":"max-snippet:-1","max-image-preview":"max-image-preview:large","max-video-preview":"max-video-preview:-1"},"canonical":"https:\/\/www.trisura.com\/fr\/informations-legales\/","og_locale":"fr_FR","og_type":"article","og_title":"Informations l\u00e9gales - Trisura","og_description":"Informations l\u00e9gales Bienvenue au site web de Trisura Guarantee Insurance Company (\u00ab Trisura \u00bb). Le contenu de ce site web est la propri\u00e9t\u00e9 de Trisura et est prot\u00e9g\u00e9 par la loi sur le droit d\u2019auteur, comme \u0153uvre collective et compilation, tant au Canada qu\u2019\u00e0 l\u2019\u00e9tranger. \u00c0 travers l\u2019acc\u00e8s, la navigation ou l\u2019utilisation de ce site &hellip; Continued","og_url":"https:\/\/www.trisura.com\/fr\/informations-legales\/","og_site_name":"Trisura","article_modified_time":"2026-03-18T15:38:03+00:00","twitter_card":"summary_large_image","twitter_site":"@trisura","twitter_misc":{"Dur\u00e9e de lecture estim\u00e9e":"5 minutes"},"schema":{"@context":"https:\/\/schema.org","@graph":[{"@type":"WebPage","@id":"https:\/\/www.trisura.com\/fr\/informations-legales\/","url":"https:\/\/www.trisura.com\/fr\/informations-legales\/","name":"Informations l\u00e9gales - Trisura","isPartOf":{"@id":"https:\/\/www.trisura.com\/#website"},"datePublished":"2022-12-13T10:08:36+00:00","dateModified":"2026-03-18T15:38:03+00:00","breadcrumb":{"@id":"https:\/\/www.trisura.com\/fr\/informations-legales\/#breadcrumb"},"inLanguage":"fr-FR","potentialAction":[{"@type":"ReadAction","target":["https:\/\/www.trisura.com\/fr\/informations-legales\/"]}]},{"@type":"BreadcrumbList","@id":"https:\/\/www.trisura.com\/fr\/informations-legales\/#breadcrumb","itemListElement":[{"@type":"ListItem","position":1,"name":"Home","item":"https:\/\/www.trisura.com\/fr\/"},{"@type":"ListItem","position":2,"name":"Informations l\u00e9gales"}]},{"@type":"WebSite","@id":"https:\/\/www.trisura.com\/#website","url":"https:\/\/www.trisura.com\/","name":"Trisura","description":"Trisura specialty commercial, general liability insurance company","publisher":{"@id":"https:\/\/www.trisura.com\/#organization"},"potentialAction":[{"@type":"SearchAction","target":{"@type":"EntryPoint","urlTemplate":"https:\/\/www.trisura.com\/?s={search_term_string}"},"query-input":{"@type":"PropertyValueSpecification","valueRequired":true,"valueName":"search_term_string"}}],"inLanguage":"fr-FR"},{"@type":"Organization","@id":"https:\/\/www.trisura.com\/#organization","name":"Trisura","url":"https:\/\/www.trisura.com\/","logo":{"@type":"ImageObject","inLanguage":"fr-FR","@id":"https:\/\/www.trisura.com\/#\/schema\/logo\/image\/","url":"https:\/\/172.31.5.56\/wp-content\/uploads\/2022\/11\/logo-1.svg","contentUrl":"https:\/\/172.31.5.56\/wp-content\/uploads\/2022\/11\/logo-1.svg","width":130,"height":36,"caption":"Trisura"},"image":{"@id":"https:\/\/www.trisura.com\/#\/schema\/logo\/image\/"},"sameAs":["https:\/\/x.com\/trisura","https:\/\/www.linkedin.com\/company\/trisura-guarantee-insurance-company"]}]}},"_links":{"self":[{"href":"https:\/\/www.trisura.com\/fr\/wp-json\/wp\/v2\/pages\/9320","targetHints":{"allow":["GET"]}}],"collection":[{"href":"https:\/\/www.trisura.com\/fr\/wp-json\/wp\/v2\/pages"}],"about":[{"href":"https:\/\/www.trisura.com\/fr\/wp-json\/wp\/v2\/types\/page"}],"author":[{"embeddable":true,"href":"https:\/\/www.trisura.com\/fr\/wp-json\/wp\/v2\/users\/1"}],"replies":[{"embeddable":true,"href":"https:\/\/www.trisura.com\/fr\/wp-json\/wp\/v2\/comments?post=9320"}],"version-history":[{"count":19,"href":"https:\/\/www.trisura.com\/fr\/wp-json\/wp\/v2\/pages\/9320\/revisions"}],"predecessor-version":[{"id":12785,"href":"https:\/\/www.trisura.com\/fr\/wp-json\/wp\/v2\/pages\/9320\/revisions\/12785"}],"wp:attachment":[{"href":"https:\/\/www.trisura.com\/fr\/wp-json\/wp\/v2\/media?parent=9320"}],"curies":[{"name":"wp","href":"https:\/\/api.w.org\/{rel}","templated":true}]}}